{"id":4432,"date":"2016-02-23T13:02:29","date_gmt":"2016-02-23T13:02:29","guid":{"rendered":"http:\/\/screenmedia.mk\/new\/?page_id=4432&#038;lang=sq"},"modified":"2016-05-12T09:31:39","modified_gmt":"2016-05-12T09:31:39","slug":"produktet-tona","status":"publish","type":"page","link":"http:\/\/screenmedia.mk\/new\/?page_id=4432&lang=sq","title":{"rendered":"Produktet tona"},"content":{"rendered":"<p>Screen Media ofron p\u00ebr ju mund\u00ebsin\u00eb p\u00ebr zgjedhjen e t\u00eb gjitha produkteve t\u00eb mundshme, t\u00eb cilat jan\u00eb n\u00eb sh\u00ebrbim t\u00eb reklamimit \u201coutdoor\u201d.<\/p>\n<p><span style=\"color: #ff0000;\"><strong>Bilbordet<br \/>\n<\/strong><\/span>Bilbordet ve\u00e7ohen sepse jan\u00eb nd\u00ebr format m\u00eb efektive p\u00ebr reklamimin e kompanis\u00eb tuaj. Bilboardet kan\u00eb efekt t\u00eb fuqish\u00ebm \u00a0n\u00eb mendjen e audienc\u00ebs tuaj t\u00eb synuar. Ne mund t\u2019ju japim ide kreative p\u00ebr p\u00ebr reklamimin e kompanis\u00eb tuaj n\u00eb billboard dhe n\u00eb t\u00eb gjitha formatet e mediave.<\/p>\n<p><span style=\"color: #ff0000;\"><strong>Megalajt<br \/>\n<\/strong><\/span>Bota e reklamave n\u00eb natyr\u00eb ka ndryshuar n\u00eb m\u00ebnyr\u00eb drastike, gj\u00eb \u00a0e cila na mund\u00ebson q\u00eb ato t\u00eb z\u00ebven\u00ebsohen me t\u00eb reja, me reklama shum\u00eb m\u00eb kreative sikurse \u00ebsht\u00eb lloji i reklamave mega-t\u00eb ndritshme, t\u00eb cilat ndri\u00e7ohen me ndihm\u00ebn e llambave ndri\u00e7uese duke e b\u00ebr\u00eb reklam\u00ebn tuaj m\u00eb t\u00ebrheq\u00ebse. Megalajt-i ka funksionin e ndikimit m\u00eb t\u00eb fort\u00eb, me precizitet dhe sakt\u00ebsi.<\/p>\n<p><span style=\"color: #ff0000;\"><strong>Citylight<br \/>\n<\/strong><\/span>Citylight ndri\u00e7ohen me t\u00eb njejt\u00ebn drit\u00eb, n\u00eb nj\u00eb kuti prej qelqi, n\u00eb t\u00eb cil\u00ebn gjendet edhe reklama juaj. Ajo konsiderohet si form\u00eb e p\u00ebrshtatshme, e cila ka p\u00ebr detyr\u00eb t\u00eb theksoj\u00eb emrin e mark\u00ebs tuaj dhe t\u00eb ket\u00eb ndikim m\u00eb t\u00eb r\u00ebnd\u00ebsish\u00ebm p\u00ebr audienc\u00ebn tuaj t\u00eb synuar. Ne n\u00eb Screen Media mund ta rregullojm\u00eb ndri\u00e7imin e reklam\u00ebs tuaj n\u00eb lokacionet e ndryshme t\u00eb qytetit n\u00eb m\u00ebnyr\u00eb precize.<\/p>\n<p><strong><span style=\"color: #ff0000;\">Fasada<br \/>\n<\/span><\/strong>Pikturimi i porosis\u00eb tuaj n\u00eb mure t\u00eb ndryshme dhe n\u00eb nd\u00ebrtesa \u00ebsht\u00eb nj\u00eb form\u00eb e mrekullueshme e reklamave me ndikim t\u00eb jasht\u00ebm. N\u00eb Screeen Media gjithashtu mund t\u00eb sigurojm\u00eb shtypjen e reklam\u00ebs tuaj n\u00eb vinyl, me t\u00eb cil\u00ebn arrijm\u00eb n\u00eb nj\u00eb v\u00ebshtrim m\u00eb estetik dhe t\u00eb ve\u00e7ant\u00eb.<\/p>\n","protected":false},"excerpt":{"rendered":"<p>Screen Media ofron p\u00ebr ju mund\u00ebsin\u00eb p\u00ebr zgjedhjen e t\u00eb gjitha produkteve t\u00eb mundshme, t\u00eb cilat jan\u00eb n\u00eb sh\u00ebrbim t\u00eb reklamimit \u201coutdoor\u201d. Bilbordet Bilbordet ve\u00e7ohen sepse jan\u00eb nd\u00ebr format m\u00eb efektive p\u00ebr reklamimin e kompanis\u00eb<span class=\"more-button\"><a href=\"http:\/\/screenmedia.mk\/new\/?page_id=4432&#038;lang=sq\" class=\"more-link\">Continue reading<span class=\"screen-reader-text\">Produktet tona<\/span><i class=\"fa fa-angle-right\" aria-hidden=\"true\"><\/i><\/a><\/span><\/p>\n","protected":false},"author":1,"featured_media":0,"parent":0,"menu_order":0,"comment_status":"closed","ping_status":"closed","template":"","meta":{"pagelayer_contact_templates":[],"_pagelayer_content":""},"_links":{"self":[{"href":"http:\/\/screenmedia.mk\/new\/index.php?rest_route=\/wp\/v2\/pages\/4432"}],"collection":[{"href":"http:\/\/screenmedia.mk\/new\/index.php?rest_route=\/wp\/v2\/pages"}],"about":[{"href":"http:\/\/screenmedia.mk\/new\/index.php?rest_route=\/wp\/v2\/types\/page"}],"author":[{"embeddable":true,"href":"http:\/\/screenmedia.mk\/new\/index.php?rest_route=\/wp\/v2\/users\/1"}],"replies":[{"embeddable":true,"href":"http:\/\/screenmedia.mk\/new\/index.php?rest_route=%2Fwp%2Fv2%2Fcomments&post=4432"}],"version-history":[{"count":4,"href":"http:\/\/screenmedia.mk\/new\/index.php?rest_route=\/wp\/v2\/pages\/4432\/revisions"}],"predecessor-version":[{"id":4706,"href":"http:\/\/screenmedia.mk\/new\/index.php?rest_route=\/wp\/v2\/pages\/4432\/revisions\/4706"}],"wp:attachment":[{"href":"http:\/\/screenmedia.mk\/new\/index.php?rest_route=%2Fwp%2Fv2%2Fmedia&parent=4432"}],"curies":[{"name":"wp","href":"https:\/\/api.w.org\/{rel}","templated":true}]}}