{"id":4428,"date":"2016-02-23T13:01:25","date_gmt":"2016-02-23T13:01:25","guid":{"rendered":"http:\/\/screenmedia.mk\/new\/?page_id=4428&#038;lang=sq"},"modified":"2016-03-14T08:55:50","modified_gmt":"2016-03-14T08:55:50","slug":"pse-neve","status":"publish","type":"page","link":"http:\/\/screenmedia.mk\/new\/?page_id=4428&lang=sq","title":{"rendered":"Pse neve?"},"content":{"rendered":"<p>Me vendq\u00ebndrim n\u00eb Maqedoni dhe me m\u00eb shum se 600 lokacione n\u00eb gjith vendin, Screen Media \u00ebsht\u00eb b\u00ebr\u00eb nj\u00eb nd\u00ebr reklamuesit e par\u00eb t\u00eb jasht\u00ebzakonsh\u00ebm dhe shum\u00eb kreativ p\u00ebr reklamim, p\u00ebr gjith bizneset q\u00eb k\u00ebrkojn\u00eb sh\u00ebrbim dhe promovim t\u00eb produkteve t\u00eb tyre.<\/p>\n<p>Screen Media \u00ebsht\u00eb pioneer p\u00ebr reklamat n\u00eb natyr\u00eb . E themeluar n\u00eb vitin 2008, suksessh\u00ebm i tejakaluam pritjet e e klient\u00ebve tan\u00eb m\u00eb s\u00eb miri nga kush do qoft\u00eb tjet\u00ebr, n\u00eb m\u00ebnyr\u00ebn m\u00eb t\u00eb mir\u00eb t\u00eb mundshme plot\u00ebsuam k\u00ebrkesat e tyre.<\/p>\n<p>Metodat dhe strategjit\u00eb tona\u00a0 kan\u00eb p\u00ebr q\u00ebllim t\u00eb b\u00ebjn\u00eb rritjen e\u00a0 t\u00eb ardhurave\u00a0 dhe popullaritetit t\u00eb mark\u00ebs tuaj. Ne nuk e l\u00ebm\u00eb klientin ton\u00eb n\u00eb pa siguri p\u00ebr idea dizajnuese. Ne n\u00eb Screen Media, arrit\u00ebm p\u00ebrsosjen e \u201creklamimit t\u00eb jsht\u00ebm\u201d- me ndihm\u00ebn ton\u00eb , mund\u00eb t\u00eb jeni t\u00eb sigurt p\u00ebr rezultat t\u00eb favorsh\u00ebm dhe pozitiv.<\/p>\n<p>Screen Media \u00ebsht\u00eb e fokusuar p\u00ebr reklamim n\u00eb natyr\u00eb, t\u00eb zhvilloj\u00eb dhe t\u00eb shtyp reklam\u00ebn tuaj m\u00eb shpejt\u00eb se kush do \u2013 duke e vendosur at\u00eb reklam n\u00eb billboard. Kualiteti dhe efekasiteti jan\u00eb dy karakteristikat m\u00eb t\u00eb r\u00ebnd\u00ebsishme t\u00eb suskesit ton\u00eb, dhe k\u00ebtu nuk ka vend\u00eb p\u00ebr kompromis.<\/p>\n<p>Angazhimi , profesionalizimi dhe p\u00ebrgjegj\u00ebsia ndaj klient\u00ebve tan\u00eb n\u00eb cdo ofert\u00eb q\u00eb shpallim \u00ebsht\u00eb rritur\u00a0 nga respekti dhe njohja e shum\u00eb bizneseve n\u00eb gjith\u00eb vendin, dhe nga kjo fatmir\u00ebsisht jemi t\u00eb suksessh\u00ebm dhe p\u00ebrfaq\u00ebsohemi ne 600 lokacione .<\/p>\n<p>Besoni n\u00eb Screen Media , p\u00ebr reklamat tuaja n\u00eb natyr\u00eb , n\u00eb kthim ne do t\u00eb rritim popullartitetin\u00a0 dhe identitetin e mark\u00ebs tuaj n\u00eb nj\u00eb nivel krejt\u00ebsisht te ri.<\/p>\n","protected":false},"excerpt":{"rendered":"<p>Me vendq\u00ebndrim n\u00eb Maqedoni dhe me m\u00eb shum se 600 lokacione n\u00eb gjith vendin, Screen Media \u00ebsht\u00eb b\u00ebr\u00eb nj\u00eb nd\u00ebr reklamuesit e par\u00eb t\u00eb jasht\u00ebzakonsh\u00ebm dhe shum\u00eb kreativ p\u00ebr reklamim, p\u00ebr gjith bizneset q\u00eb k\u00ebrkojn\u00eb<span class=\"more-button\"><a href=\"http:\/\/screenmedia.mk\/new\/?page_id=4428&#038;lang=sq\" class=\"more-link\">Continue reading<span class=\"screen-reader-text\">Pse neve?<\/span><i class=\"fa fa-angle-right\" aria-hidden=\"true\"><\/i><\/a><\/span><\/p>\n","protected":false},"author":1,"featured_media":0,"parent":0,"menu_order":0,"comment_status":"closed","ping_status":"closed","template":"","meta":{"pagelayer_contact_templates":[],"_pagelayer_content":""},"_links":{"self":[{"href":"http:\/\/screenmedia.mk\/new\/index.php?rest_route=\/wp\/v2\/pages\/4428"}],"collection":[{"href":"http:\/\/screenmedia.mk\/new\/index.php?rest_route=\/wp\/v2\/pages"}],"about":[{"href":"http:\/\/screenmedia.mk\/new\/index.php?rest_route=\/wp\/v2\/types\/page"}],"author":[{"embeddable":true,"href":"http:\/\/screenmedia.mk\/new\/index.php?rest_route=\/wp\/v2\/users\/1"}],"replies":[{"embeddable":true,"href":"http:\/\/screenmedia.mk\/new\/index.php?rest_route=%2Fwp%2Fv2%2Fcomments&post=4428"}],"version-history":[{"count":7,"href":"http:\/\/screenmedia.mk\/new\/index.php?rest_route=\/wp\/v2\/pages\/4428\/revisions"}],"predecessor-version":[{"id":4600,"href":"http:\/\/screenmedia.mk\/new\/index.php?rest_route=\/wp\/v2\/pages\/4428\/revisions\/4600"}],"wp:attachment":[{"href":"http:\/\/screenmedia.mk\/new\/index.php?rest_route=%2Fwp%2Fv2%2Fmedia&parent=4428"}],"curies":[{"name":"wp","href":"https:\/\/api.w.org\/{rel}","templated":true}]}}