{"id":4161,"date":"2016-02-15T12:05:45","date_gmt":"2016-02-15T12:05:45","guid":{"rendered":"http:\/\/screenmedia.mk\/new\/?page_id=4161&#038;lang=sq"},"modified":"2016-03-14T14:27:03","modified_gmt":"2016-03-14T14:27:03","slug":"fasada","status":"publish","type":"page","link":"http:\/\/screenmedia.mk\/new\/?page_id=4161&lang=sq","title":{"rendered":"Fasada"},"content":{"rendered":"<h2 style=\"text-align: left;\">\u00c7far\u00eb \u00ebsht\u00eb nj\u00eb fasad\u00eb?<\/h2>\n<p>P\u00ebrfshijn\u00eb vendet e r\u00ebnd\u00ebsishme t\u00eb qyteteve t\u00eb m\u00ebdha, fasadat jan\u00eb reklama detajore cilat si vizatim jan\u00eb t\u00eb ngjitura direkt n\u00eb sip\u00ebrfaqen e jashtme t\u00eb nd\u00ebrtesave. Ato mund\u00ebsojn\u00eb ekspozim t\u00eb shk\u00eblqyer t\u00eb duksh\u00ebm, zonat urbane dhe jan\u00eb t\u00eb dizajnuar p\u00ebr p\u00ebrdorim afatgjat\u00eb.<br \/>\n<span style=\"color: #ff0000;\">\u2022<\/span> T\u00eb m\u00ebdha, strukturat jo-standarde reklamuese<br \/>\n<span style=\"color: #ff0000;\">\u2022<\/span> V\u00ebrehen nga k\u00ebmb\u00ebsor\u00ebt dhe trafiku i automjeteve n\u00eb qytetet e m\u00ebdha.<br \/>\n<span style=\"color: #ff0000;\">\u2022<\/span> T\u00eb duksh\u00ebm nga nj\u00eb distanc\u00eb n\u00eb turne turistike n\u00eb autostrada nd\u00ebrshtet\u00ebrore dhe<br \/>\n<span style=\"color: #ff0000;\">\u2022<\/span> Me efekte speciale q\u00eb bien n\u00eb sy dhe t\u00ebrheqin v\u00ebmendjen.<br \/>\n<span style=\"color: #ff0000;\">\u2022<\/span> T\u00eb dizajnuar ashtu q\u00eb t\u00eb p\u00ebrshtaten n\u00eb forma dhe madh\u00ebsi t\u00eb ndryshme unikale.<\/p>\n","protected":false},"excerpt":{"rendered":"<p>\u00c7far\u00eb \u00ebsht\u00eb nj\u00eb fasad\u00eb? P\u00ebrfshijn\u00eb vendet e r\u00ebnd\u00ebsishme t\u00eb qyteteve t\u00eb m\u00ebdha, fasadat jan\u00eb reklama detajore cilat si vizatim jan\u00eb t\u00eb ngjitura direkt n\u00eb sip\u00ebrfaqen e jashtme t\u00eb nd\u00ebrtesave. Ato mund\u00ebsojn\u00eb ekspozim t\u00eb shk\u00eblqyer t\u00eb<span class=\"more-button\"><a href=\"http:\/\/screenmedia.mk\/new\/?page_id=4161&#038;lang=sq\" class=\"more-link\">Continue reading<span class=\"screen-reader-text\">Fasada<\/span><i class=\"fa fa-angle-right\" aria-hidden=\"true\"><\/i><\/a><\/span><\/p>\n","protected":false},"author":1,"featured_media":0,"parent":0,"menu_order":0,"comment_status":"closed","ping_status":"closed","template":"","meta":{"pagelayer_contact_templates":[],"_pagelayer_content":""},"_links":{"self":[{"href":"http:\/\/screenmedia.mk\/new\/index.php?rest_route=\/wp\/v2\/pages\/4161"}],"collection":[{"href":"http:\/\/screenmedia.mk\/new\/index.php?rest_route=\/wp\/v2\/pages"}],"about":[{"href":"http:\/\/screenmedia.mk\/new\/index.php?rest_route=\/wp\/v2\/types\/page"}],"author":[{"embeddable":true,"href":"http:\/\/screenmedia.mk\/new\/index.php?rest_route=\/wp\/v2\/users\/1"}],"replies":[{"embeddable":true,"href":"http:\/\/screenmedia.mk\/new\/index.php?rest_route=%2Fwp%2Fv2%2Fcomments&post=4161"}],"version-history":[{"count":9,"href":"http:\/\/screenmedia.mk\/new\/index.php?rest_route=\/wp\/v2\/pages\/4161\/revisions"}],"predecessor-version":[{"id":4636,"href":"http:\/\/screenmedia.mk\/new\/index.php?rest_route=\/wp\/v2\/pages\/4161\/revisions\/4636"}],"wp:attachment":[{"href":"http:\/\/screenmedia.mk\/new\/index.php?rest_route=%2Fwp%2Fv2%2Fmedia&parent=4161"}],"curies":[{"name":"wp","href":"https:\/\/api.w.org\/{rel}","templated":true}]}}