{"id":4068,"date":"2016-01-29T09:09:57","date_gmt":"2016-01-29T09:09:57","guid":{"rendered":"http:\/\/screenmedia.mk\/new\/?page_id=4068&#038;lang=sq"},"modified":"2024-05-01T07:15:54","modified_gmt":"2024-05-01T07:15:54","slug":"ballina","status":"publish","type":"page","link":"http:\/\/screenmedia.mk\/new\/?page_id=4068&lang=sq","title":{"rendered":"Ballina"},"content":{"rendered":"\n\n\n\n<p>Rreth nesh<\/p>\n\n\n\n\n\n\n\n\n\n\n\n\n\n\n\n\n\n\n\n\n\n\n\n\n\n\n<p style=\"text-align: right; \"><span style=\"font-size: 20px; color: rgb(255, 255, 255);\"><strong style=\"line-height: 1;\">LOREM CORPORATE CEO<\/strong><\/span><\/p><p style=\"text-align: center;\"><span style=\"color: rgb(255, 255, 255);\">Duis aute irure dolor in reprehenderit in voluptate velit esse cillum dolore eu fugiat nulla pariatur. Excepteur sint occaecat cupidatat non proident, sunt in culpa qui officia deserunt mollit anim id est laborum.<\/span><\/p><p style=\"text-align: left;\"><sign>\u00a0 \u00a0 \u00a0 <span style=\"line-height: 2.0;\">Benn Marshall<\/span><\/sign><\/p>\n\n\n<p>Me vendq\u00ebndrim n\u00eb Maqedoni dhe me m\u00eb shum\u00eb se 600 lokacione n\u00ebp\u00ebr t\u00eb gjith\u00eb vendin, Screen Media \u00ebsht\u00eb b\u00ebr\u00eb nj\u00eb nga ofruesit e par\u00eb t\u00eb reklamimit \u201coutdoor\u201d me kreativitet t\u00eb lart\u00eb p\u00ebr t\u00eb gjitha bizneset, t\u00eb cil\u00ebt k\u00ebrkojn\u00eb sh\u00ebrbime dhe produkte me cil\u00ebsi lart\u00eb.<\/p>\n<h1>M\u00eb shum\u00eb.<\/h1>\n\n\n\n\n\n\n\n\n\n\n\n\n\n\n\n\nWHAT WE OFFER\n<p>Screen Media ofron p\u00ebr ju mund\u00ebsin\u00eb p\u00ebr zgjedhjen e t\u00eb gjitha produkteve t\u00eb mundshme, t\u00eb cilat jan\u00eb n\u00eb sh\u00ebrbim t\u00eb reklamimit \u201coutdoor\u201d.<\/p>\n\n\n\n<p>Bilbordet ve\u00e7ohen sepse jan\u00eb nd\u00ebr format m\u00eb efektive p\u00ebr reklamimin e kompanis\u00eb tuaj.<\/p>\n<p>Citylight ndri\u00e7ohen me t\u00eb njejt\u00ebn drit\u00eb, n\u00eb nj\u00eb kuti prej qelqi, n\u00eb t\u00eb cil\u00ebn gjendet edhe reklama juaj.<br><\/p>\n\n\n<p>Bota e reklamave n\u00eb natyr\u00eb ka ndryshuar n\u00eb m\u00ebnyr\u00eb drastike<\/p><p><br><\/p>\n<p>Mund t\u00eb lajm\u00ebroheni n\u00eb tel. 02 3224944 ose email office@eurovia.mk rreth sh\u00ebrbimit ndaj klientit.<\/p>\n\n\n","protected":false},"excerpt":{"rendered":"","protected":false},"author":1,"featured_media":0,"parent":0,"menu_order":0,"comment_status":"closed","ping_status":"closed","template":"","meta":{"pagelayer_contact_templates":[],"_pagelayer_content":""},"_links":{"self":[{"href":"http:\/\/screenmedia.mk\/new\/index.php?rest_route=\/wp\/v2\/pages\/4068"}],"collection":[{"href":"http:\/\/screenmedia.mk\/new\/index.php?rest_route=\/wp\/v2\/pages"}],"about":[{"href":"http:\/\/screenmedia.mk\/new\/index.php?rest_route=\/wp\/v2\/types\/page"}],"author":[{"embeddable":true,"href":"http:\/\/screenmedia.mk\/new\/index.php?rest_route=\/wp\/v2\/users\/1"}],"replies":[{"embeddable":true,"href":"http:\/\/screenmedia.mk\/new\/index.php?rest_route=%2Fwp%2Fv2%2Fcomments&post=4068"}],"version-history":[{"count":30,"href":"http:\/\/screenmedia.mk\/new\/index.php?rest_route=\/wp\/v2\/pages\/4068\/revisions"}],"predecessor-version":[{"id":4937,"href":"http:\/\/screenmedia.mk\/new\/index.php?rest_route=\/wp\/v2\/pages\/4068\/revisions\/4937"}],"wp:attachment":[{"href":"http:\/\/screenmedia.mk\/new\/index.php?rest_route=%2Fwp%2Fv2%2Fmedia&parent=4068"}],"curies":[{"name":"wp","href":"https:\/\/api.w.org\/{rel}","templated":true}]}}