{"id":4054,"date":"2016-01-29T09:06:59","date_gmt":"2016-01-29T09:06:59","guid":{"rendered":"http:\/\/screenmedia.mk\/new\/?page_id=4054&#038;lang=sq"},"modified":"2016-03-14T14:13:11","modified_gmt":"2016-03-14T14:13:11","slug":"citylight","status":"publish","type":"page","link":"http:\/\/screenmedia.mk\/new\/?page_id=4054&lang=sq","title":{"rendered":"Citylight"},"content":{"rendered":"<p><strong>Ndri\u00e7imi:<\/strong>\u00a0 \u00a0 \u00a0 \u00a0 \u00a0 \u00a0\u00a0Mbrapa<br \/>\n<strong>Format:<\/strong>\u00a0 \u00a0 \u00a0 \u00a0 \u00a0 \u00a0 \u00a0 1,10 x 1,60 m<br \/>\n<strong>P\u00ebrshkrimi:<\/strong>\u00a0 \u00a0 \u00a0 \u00a0 Let\u00ebr<br \/>\nCitylight jan\u00eb t\u00eb vet\u00ebq\u00ebndueshme ose integrohen n\u00eb ndalesat p\u00ebr autobus. Rrjeti i gjer\u00eb i citylight t\u00eb Screen Media u mund\u00ebson klient\u00ebve t\u00eb arrijn\u00eb mbulim te shk\u00eblqyesh\u00ebm. Ky lloj produkti \u00ebsht\u00eb i p\u00ebrshtatsh\u00ebm p\u00ebr fushatat afatshkurtra.<\/p>\n","protected":false},"excerpt":{"rendered":"<p>Ndri\u00e7imi:\u00a0 \u00a0 \u00a0 \u00a0 \u00a0 \u00a0\u00a0Mbrapa Format:\u00a0 \u00a0 \u00a0 \u00a0 \u00a0 \u00a0 \u00a0 1,10 x 1,60 m P\u00ebrshkrimi:\u00a0 \u00a0 \u00a0 \u00a0 Let\u00ebr Citylight jan\u00eb t\u00eb vet\u00ebq\u00ebndueshme ose integrohen n\u00eb ndalesat p\u00ebr autobus. Rrjeti i gjer\u00eb<span class=\"more-button\"><a href=\"http:\/\/screenmedia.mk\/new\/?page_id=4054&#038;lang=sq\" class=\"more-link\">Continue reading<span class=\"screen-reader-text\">Citylight<\/span><i class=\"fa fa-angle-right\" aria-hidden=\"true\"><\/i><\/a><\/span><\/p>\n","protected":false},"author":1,"featured_media":0,"parent":0,"menu_order":0,"comment_status":"closed","ping_status":"closed","template":"","meta":{"pagelayer_contact_templates":[],"_pagelayer_content":""},"_links":{"self":[{"href":"http:\/\/screenmedia.mk\/new\/index.php?rest_route=\/wp\/v2\/pages\/4054"}],"collection":[{"href":"http:\/\/screenmedia.mk\/new\/index.php?rest_route=\/wp\/v2\/pages"}],"about":[{"href":"http:\/\/screenmedia.mk\/new\/index.php?rest_route=\/wp\/v2\/types\/page"}],"author":[{"embeddable":true,"href":"http:\/\/screenmedia.mk\/new\/index.php?rest_route=\/wp\/v2\/users\/1"}],"replies":[{"embeddable":true,"href":"http:\/\/screenmedia.mk\/new\/index.php?rest_route=%2Fwp%2Fv2%2Fcomments&post=4054"}],"version-history":[{"count":7,"href":"http:\/\/screenmedia.mk\/new\/index.php?rest_route=\/wp\/v2\/pages\/4054\/revisions"}],"predecessor-version":[{"id":4630,"href":"http:\/\/screenmedia.mk\/new\/index.php?rest_route=\/wp\/v2\/pages\/4054\/revisions\/4630"}],"wp:attachment":[{"href":"http:\/\/screenmedia.mk\/new\/index.php?rest_route=%2Fwp%2Fv2%2Fmedia&parent=4054"}],"curies":[{"name":"wp","href":"https:\/\/api.w.org\/{rel}","templated":true}]}}