{"id":4039,"date":"2016-01-29T09:04:30","date_gmt":"2016-01-29T09:04:30","guid":{"rendered":"http:\/\/screenmedia.mk\/new\/?page_id=4039&#038;lang=sq"},"modified":"2016-03-14T14:27:49","modified_gmt":"2016-03-14T14:27:49","slug":"beklit","status":"publish","type":"page","link":"http:\/\/screenmedia.mk\/new\/?page_id=4039&lang=sq","title":{"rendered":"Beklit"},"content":{"rendered":"<p><strong>Ndri\u00e7imi:<\/strong>\u00a0 \u00a0 \u00a0 \u00a0 \u00a0 \u00a0 \u00a0 Beklit<br \/>\n<strong>Dimenzionet: \u00a0<\/strong>\u00a0 \u00a0 4,60 x 2,60 m, 8 x 3 m, 4m x 3m<br \/>\n<strong>P\u00ebrshkrimi:<\/strong>\u00a0 \u00a0 \u00a0 \u00a0 \u00a0 PVC<br \/>\nPVC Beklitet jan\u00eb lloj i jasht\u00ebzakonshme i paneleve reklamuese, n\u00eb dispozicion n\u00eb t\u00eb gjitha kryeqytetet kryesore. K\u00ebto \u2018nd\u00ebrmjet\u00ebsues\u2019 jan\u00eb t\u00eb dizajnuara n\u00eb m\u00ebnyr\u00eb speciale dhe rekomandohen p\u00ebr reklama t\u00eb klasit t\u00eb par\u00eb. Duke reflektuar ndalimin e fotografis\u00eb reklama e beklit ka ndri\u00e7imin e saj.<\/p>\n","protected":false},"excerpt":{"rendered":"<p>Ndri\u00e7imi:\u00a0 \u00a0 \u00a0 \u00a0 \u00a0 \u00a0 \u00a0 Beklit Dimenzionet: \u00a0\u00a0 \u00a0 4,60 x 2,60 m, 8 x 3 m, 4m x 3m P\u00ebrshkrimi:\u00a0 \u00a0 \u00a0 \u00a0 \u00a0 PVC PVC Beklitet jan\u00eb lloj i jasht\u00ebzakonshme i<span class=\"more-button\"><a href=\"http:\/\/screenmedia.mk\/new\/?page_id=4039&#038;lang=sq\" class=\"more-link\">Continue reading<span class=\"screen-reader-text\">Beklit<\/span><i class=\"fa fa-angle-right\" aria-hidden=\"true\"><\/i><\/a><\/span><\/p>\n","protected":false},"author":1,"featured_media":0,"parent":0,"menu_order":0,"comment_status":"closed","ping_status":"closed","template":"","meta":{"pagelayer_contact_templates":[],"_pagelayer_content":""},"_links":{"self":[{"href":"http:\/\/screenmedia.mk\/new\/index.php?rest_route=\/wp\/v2\/pages\/4039"}],"collection":[{"href":"http:\/\/screenmedia.mk\/new\/index.php?rest_route=\/wp\/v2\/pages"}],"about":[{"href":"http:\/\/screenmedia.mk\/new\/index.php?rest_route=\/wp\/v2\/types\/page"}],"author":[{"embeddable":true,"href":"http:\/\/screenmedia.mk\/new\/index.php?rest_route=\/wp\/v2\/users\/1"}],"replies":[{"embeddable":true,"href":"http:\/\/screenmedia.mk\/new\/index.php?rest_route=%2Fwp%2Fv2%2Fcomments&post=4039"}],"version-history":[{"count":10,"href":"http:\/\/screenmedia.mk\/new\/index.php?rest_route=\/wp\/v2\/pages\/4039\/revisions"}],"predecessor-version":[{"id":4638,"href":"http:\/\/screenmedia.mk\/new\/index.php?rest_route=\/wp\/v2\/pages\/4039\/revisions\/4638"}],"wp:attachment":[{"href":"http:\/\/screenmedia.mk\/new\/index.php?rest_route=%2Fwp%2Fv2%2Fmedia&parent=4039"}],"curies":[{"name":"wp","href":"https:\/\/api.w.org\/{rel}","templated":true}]}}