{"id":4035,"date":"2013-09-08T21:44:41","date_gmt":"2013-09-08T21:44:41","guid":{"rendered":"http:\/\/screenmedia.mk\/new\/?page_id=4035&#038;lang=sq"},"modified":"2016-03-14T09:02:53","modified_gmt":"2016-03-14T09:02:53","slug":"contact","status":"publish","type":"page","link":"http:\/\/screenmedia.mk\/new\/?page_id=4035&lang=sq","title":{"rendered":"Contact"},"content":{"rendered":"<p>N\u00eb Screen Media, besojm\u00eb fuqish\u00ebm dhe jemi p\u00ebrgjegj\u00ebs ndaj klient\u00ebve, t\u00eb cil\u00ebt jan\u00eb t\u00eb kyqur dhe p\u00ebr at\u00eb arsye jemi m\u00eb t\u00eb mir\u00ebt kur b\u00ebhet fjal\u00eb p\u00ebr sh\u00ebrbime shfryt\u00ebzuese. Ja si mund t\u00eb na kontaktoni dhe t\u00eb merrni ofert\u00ebn tuaj pa pages\u00eb.<\/p>\n<h3 style=\"text-align: center;\">Zyra\u00a01<\/h3>\n<p style=\"text-align: center;\"><strong>Adresa:<\/strong> Kole Nedelkovski nr.61 lok.1,<br \/>\n1000\u00a0Shkup, Maqedoni<\/p>\n<p style=\"text-align: center;\"><strong>Telefon\u00a0:<\/strong>\u00a0+389 (0)2 322 4944<br \/>\n<strong>E-mail :<\/strong>\u00a0office@screenmedia.mk<\/p>\n<h3 style=\"text-align: center;\">Zyra\u00a02<\/h3>\n<p style=\"text-align: center;\"><strong>Adresa:\u00a0<\/strong>Autostrada N\u00ebn\u00eb Tereza\u00a0E65<br \/>\nPompa e benzin\u00ebs\u00a0Lukoil 025,\u00a0Kati par\u00eb<br \/>\n1226 Zhelin\u00eb, Maqedoni<br \/>\n<strong>Telefon\u00a0:<\/strong>\u00a0+389 (0)44 350 991<br \/>\n<strong>Faks :<\/strong>\u00a0 +389 (0)2 322 4944<br \/>\n<strong>E-mail :<\/strong>\u00a0office@screenmedia.mk<\/p>\n","protected":false},"excerpt":{"rendered":"<p>N\u00eb Screen Media, besojm\u00eb fuqish\u00ebm dhe jemi p\u00ebrgjegj\u00ebs ndaj klient\u00ebve, t\u00eb cil\u00ebt jan\u00eb t\u00eb kyqur dhe p\u00ebr at\u00eb arsye jemi m\u00eb t\u00eb mir\u00ebt kur b\u00ebhet fjal\u00eb p\u00ebr sh\u00ebrbime shfryt\u00ebzuese. Ja si mund t\u00eb na kontaktoni<span class=\"more-button\"><a href=\"http:\/\/screenmedia.mk\/new\/?page_id=4035&#038;lang=sq\" class=\"more-link\">Continue reading<span class=\"screen-reader-text\">Contact<\/span><i class=\"fa fa-angle-right\" aria-hidden=\"true\"><\/i><\/a><\/span><\/p>\n","protected":false},"author":1,"featured_media":0,"parent":0,"menu_order":0,"comment_status":"closed","ping_status":"closed","template":"custom-page.php","meta":{"pagelayer_contact_templates":[],"_pagelayer_content":""},"_links":{"self":[{"href":"http:\/\/screenmedia.mk\/new\/index.php?rest_route=\/wp\/v2\/pages\/4035"}],"collection":[{"href":"http:\/\/screenmedia.mk\/new\/index.php?rest_route=\/wp\/v2\/pages"}],"about":[{"href":"http:\/\/screenmedia.mk\/new\/index.php?rest_route=\/wp\/v2\/types\/page"}],"author":[{"embeddable":true,"href":"http:\/\/screenmedia.mk\/new\/index.php?rest_route=\/wp\/v2\/users\/1"}],"replies":[{"embeddable":true,"href":"http:\/\/screenmedia.mk\/new\/index.php?rest_route=%2Fwp%2Fv2%2Fcomments&post=4035"}],"version-history":[{"count":12,"href":"http:\/\/screenmedia.mk\/new\/index.php?rest_route=\/wp\/v2\/pages\/4035\/revisions"}],"predecessor-version":[{"id":4603,"href":"http:\/\/screenmedia.mk\/new\/index.php?rest_route=\/wp\/v2\/pages\/4035\/revisions\/4603"}],"wp:attachment":[{"href":"http:\/\/screenmedia.mk\/new\/index.php?rest_route=%2Fwp%2Fv2%2Fmedia&parent=4035"}],"curies":[{"name":"wp","href":"https:\/\/api.w.org\/{rel}","templated":true}]}}